{"id":461,"date":"2026-03-18T08:37:23","date_gmt":"2026-03-18T05:37:23","guid":{"rendered":"https:\/\/tatilkaradeniz.com\/?page_id=461"},"modified":"2026-04-20T12:36:22","modified_gmt":"2026-04-20T09:36:22","slug":"hakkimizda","status":"publish","type":"page","link":"https:\/\/ayderbungalov.net.tr\/ar\/hakkimizda\/","title":{"rendered":"\u0645\u0639\u0644\u0648\u0645\u0627\u062a \u0639\u0646\u0627"},"content":{"rendered":"<div data-elementor-type=\"wp-page\" data-elementor-id=\"461\" class=\"elementor elementor-461\" data-elementor-post-type=\"page\">\n\t\t\t\t<div class=\"elementor-element elementor-element-4b1316b e-flex e-con-boxed e-con e-parent\" data-id=\"4b1316b\" data-element_type=\"container\" data-e-type=\"container\">\n\t\t\t\t\t<div class=\"e-con-inner\">\n\t\t\t\t<div class=\"elementor-element elementor-element-7af3976 elementor-widget elementor-widget-text-editor\" data-id=\"7af3976\" data-element_type=\"widget\" data-e-type=\"widget\" data-widget_type=\"text-editor.default\">\n\t\t\t\t\t\t\t\t\t<p data-start=\"214\" data-end=\"386\"><span style=\"color: #000000;\">Tatil planlamak, do\u011fru bilgiye h\u0131zl\u0131 ve g\u00fcvenilir bir \u015fekilde ula\u015fmay\u0131 gerektirir. Biz de tam bu noktada, Karadeniz\u2019in e\u015fsiz do\u011fas\u0131n\u0131 ke\u015ffetmek isteyenler i\u00e7in yola \u00e7\u0131kt\u0131k.<\/span><\/p><p data-start=\"388\" data-end=\"731\"><span style=\"color: #000000;\">Ayder Bungalov kullan\u0131c\u0131lara tek bir platform \u00fczerinden otel, bungalov ve apart konaklama se\u00e7eneklerini kolayca kar\u015f\u0131la\u015ft\u0131rma ve rezervasyon yapma imk\u00e2n\u0131 sunar. Bununla birlikte, gidilecek b\u00f6lgeye yak\u0131n aktiviteleri, turlar\u0131 ve ara\u00e7 kiralama gibi ihtiya\u00e7lar\u0131 da tek bir yerden g\u00f6r\u00fcnt\u00fcleyerek tatil planlamay\u0131 zahmetsiz hale getirir.<\/span><\/p><p data-start=\"733\" data-end=\"994\"><span style=\"color: #000000;\">Bizler, k\u00f6kleri Rize\u2019ye dayanan ve Karadeniz turizminin i\u00e7inde y\u0131llard\u0131r aktif olarak yer alan bir ekibiz. B\u00f6lgenin do\u011fas\u0131n\u0131, k\u00fclt\u00fcr\u00fcn\u00fc ve turizm dinamiklerini yak\u0131ndan biliyor; kullan\u0131c\u0131lar\u0131m\u0131za en do\u011fru, en g\u00fcncel ve en de\u011ferli bilgileri sunmay\u0131 hedefliyoruz.<\/span><\/p><p data-start=\"996\" data-end=\"1172\"><span style=\"color: #000000;\">Amac\u0131m\u0131z yaln\u0131zca konaklama sunmak de\u011fil; Karadeniz\u2019i t\u00fcm y\u00f6nleriyle deneyimleyebilece\u011finiz, planlamadan rezervasyona kadar her ad\u0131mda yan\u0131n\u0131zda olan bir yol arkada\u015f\u0131 olmakt\u0131r.<\/span><\/p><p data-start=\"1174\" data-end=\"1300\"><span style=\"color: #000000;\">Do\u011fru bilgi, g\u00fcvenilir hizmet ve yerel deneyim g\u00fcc\u00fcm\u00fczle, hayalinizdeki Karadeniz tatilini ger\u00e7e\u011fe d\u00f6n\u00fc\u015ft\u00fcrmek i\u00e7in buraday\u0131z.<\/span><\/p>\t\t\t\t\t\t\t\t<\/div>\n\t\t\t\t\t<\/div>\n\t\t\t\t<\/div>\n\t\t\t\t<\/div>","protected":false},"excerpt":{"rendered":"<p>Tatil planlamak, do\u011fru bilgiye h\u0131zl\u0131 ve g\u00fcvenilir bir \u015fekilde ula\u015fmay\u0131 gerektirir. Biz de tam bu noktada, Karadeniz\u2019in e\u015fsiz do\u011fas\u0131n\u0131 ke\u015ffetmek isteyenler i\u00e7in yola \u00e7\u0131kt\u0131k. Ayder Bungalov kullan\u0131c\u0131lara tek bir platform \u00fczerinden otel, bungalov ve apart konaklama se\u00e7eneklerini kolayca kar\u015f\u0131la\u015ft\u0131rma ve rezervasyon yapma imk\u00e2n\u0131 sunar. Bununla birlikte, gidilecek b\u00f6lgeye yak\u0131n aktiviteleri, turlar\u0131 ve ara\u00e7 kiralama gibi [&hellip;]<\/p>\n","protected":false},"author":1,"featured_media":1185,"parent":0,"menu_order":0,"comment_status":"closed","ping_status":"closed","template":"","meta":{"footnotes":""},"class_list":["post-461","page","type-page","status-publish","has-post-thumbnail","hentry"],"_links":{"self":[{"href":"https:\/\/ayderbungalov.net.tr\/ar\/wp-json\/wp\/v2\/pages\/461","targetHints":{"allow":["GET"]}}],"collection":[{"href":"https:\/\/ayderbungalov.net.tr\/ar\/wp-json\/wp\/v2\/pages"}],"about":[{"href":"https:\/\/ayderbungalov.net.tr\/ar\/wp-json\/wp\/v2\/types\/page"}],"author":[{"embeddable":true,"href":"https:\/\/ayderbungalov.net.tr\/ar\/wp-json\/wp\/v2\/users\/1"}],"replies":[{"embeddable":true,"href":"https:\/\/ayderbungalov.net.tr\/ar\/wp-json\/wp\/v2\/comments?post=461"}],"version-history":[{"count":13,"href":"https:\/\/ayderbungalov.net.tr\/ar\/wp-json\/wp\/v2\/pages\/461\/revisions"}],"predecessor-version":[{"id":1835,"href":"https:\/\/ayderbungalov.net.tr\/ar\/wp-json\/wp\/v2\/pages\/461\/revisions\/1835"}],"wp:featuredmedia":[{"embeddable":true,"href":"https:\/\/ayderbungalov.net.tr\/ar\/wp-json\/wp\/v2\/media\/1185"}],"wp:attachment":[{"href":"https:\/\/ayderbungalov.net.tr\/ar\/wp-json\/wp\/v2\/media?parent=461"}],"curies":[{"name":"wp","href":"https:\/\/api.w.org\/{rel}","templated":true}]}}