{"id":461,"date":"2026-03-18T08:37:23","date_gmt":"2026-03-18T05:37:23","guid":{"rendered":"https:\/\/tatilkaradeniz.com\/?page_id=461"},"modified":"2026-04-20T12:36:22","modified_gmt":"2026-04-20T09:36:22","slug":"hakkimizda","status":"publish","type":"page","link":"https:\/\/ayderbungalov.net.tr\/en\/hakkimizda\/","title":{"rendered":"About Us"},"content":{"rendered":"<div data-elementor-type=\"wp-page\" data-elementor-id=\"461\" class=\"elementor elementor-461\" data-elementor-post-type=\"page\">\n\t\t\t\t<div class=\"elementor-element elementor-element-4b1316b e-flex e-con-boxed e-con e-parent\" data-id=\"4b1316b\" data-element_type=\"container\" data-e-type=\"container\">\n\t\t\t\t\t<div class=\"e-con-inner\">\n\t\t\t\t<div class=\"elementor-element elementor-element-7af3976 elementor-widget elementor-widget-text-editor\" data-id=\"7af3976\" data-element_type=\"widget\" data-e-type=\"widget\" data-widget_type=\"text-editor.default\">\n\t\t\t\t\t\t\t\t\t<p data-start=\"214\" data-end=\"386\"><span style=\"color: #000000;\">Planning a vacation requires quick and reliable access to accurate information. That's exactly why we set out on this journey: for those who want to explore the unique natural beauty of the Black Sea region.<\/span><\/p><p data-start=\"388\" data-end=\"731\"><span style=\"color: #000000;\">Ayder Bungalov kullan\u0131c\u0131lara tek bir platform \u00fczerinden otel, bungalov ve apart konaklama se\u00e7eneklerini kolayca kar\u015f\u0131la\u015ft\u0131rma ve rezervasyon yapma imk\u00e2n\u0131 sunar. Bununla birlikte, gidilecek b\u00f6lgeye yak\u0131n aktiviteleri, turlar\u0131 ve ara\u00e7 kiralama gibi ihtiya\u00e7lar\u0131 da tek bir yerden g\u00f6r\u00fcnt\u00fcleyerek tatil planlamay\u0131 zahmetsiz hale getirir.<\/span><\/p><p data-start=\"733\" data-end=\"994\"><span style=\"color: #000000;\">We are a team with roots in Rize and have been actively involved in Black Sea tourism for many years. We have a deep understanding of the region's nature, culture, and tourism dynamics; and we aim to provide our users with the most accurate, up-to-date, and valuable information.<\/span><\/p><p data-start=\"996\" data-end=\"1172\"><span style=\"color: #000000;\">Our aim is not just to offer accommodation; it's to be your travel companion, supporting you every step of the way from planning to booking, so you can experience the Black Sea in all its aspects.<\/span><\/p><p data-start=\"1174\" data-end=\"1300\"><span style=\"color: #000000;\">With our accurate information, reliable service, and local expertise, we are here to make your dream Black Sea vacation a reality.<\/span><\/p>\t\t\t\t\t\t\t\t<\/div>\n\t\t\t\t\t<\/div>\n\t\t\t\t<\/div>\n\t\t\t\t<\/div>","protected":false},"excerpt":{"rendered":"<p>Tatil planlamak, do\u011fru bilgiye h\u0131zl\u0131 ve g\u00fcvenilir bir \u015fekilde ula\u015fmay\u0131 gerektirir. Biz de tam bu noktada, Karadeniz\u2019in e\u015fsiz do\u011fas\u0131n\u0131 ke\u015ffetmek isteyenler i\u00e7in yola \u00e7\u0131kt\u0131k. Ayder Bungalov kullan\u0131c\u0131lara tek bir platform \u00fczerinden otel, bungalov ve apart konaklama se\u00e7eneklerini kolayca kar\u015f\u0131la\u015ft\u0131rma ve rezervasyon yapma imk\u00e2n\u0131 sunar. Bununla birlikte, gidilecek b\u00f6lgeye yak\u0131n aktiviteleri, turlar\u0131 ve ara\u00e7 kiralama gibi [&hellip;]<\/p>\n","protected":false},"author":1,"featured_media":1185,"parent":0,"menu_order":0,"comment_status":"closed","ping_status":"closed","template":"","meta":{"footnotes":""},"class_list":["post-461","page","type-page","status-publish","has-post-thumbnail","hentry"],"_links":{"self":[{"href":"https:\/\/ayderbungalov.net.tr\/en\/wp-json\/wp\/v2\/pages\/461","targetHints":{"allow":["GET"]}}],"collection":[{"href":"https:\/\/ayderbungalov.net.tr\/en\/wp-json\/wp\/v2\/pages"}],"about":[{"href":"https:\/\/ayderbungalov.net.tr\/en\/wp-json\/wp\/v2\/types\/page"}],"author":[{"embeddable":true,"href":"https:\/\/ayderbungalov.net.tr\/en\/wp-json\/wp\/v2\/users\/1"}],"replies":[{"embeddable":true,"href":"https:\/\/ayderbungalov.net.tr\/en\/wp-json\/wp\/v2\/comments?post=461"}],"version-history":[{"count":13,"href":"https:\/\/ayderbungalov.net.tr\/en\/wp-json\/wp\/v2\/pages\/461\/revisions"}],"predecessor-version":[{"id":1835,"href":"https:\/\/ayderbungalov.net.tr\/en\/wp-json\/wp\/v2\/pages\/461\/revisions\/1835"}],"wp:featuredmedia":[{"embeddable":true,"href":"https:\/\/ayderbungalov.net.tr\/en\/wp-json\/wp\/v2\/media\/1185"}],"wp:attachment":[{"href":"https:\/\/ayderbungalov.net.tr\/en\/wp-json\/wp\/v2\/media?parent=461"}],"curies":[{"name":"wp","href":"https:\/\/api.w.org\/{rel}","templated":true}]}}